{"id":90657,"date":"2021-06-07T12:13:39","date_gmt":"2021-06-07T12:13:39","guid":{"rendered":"https:\/\/dev.elicus.com\/divi-cart-pro\/?page_id=1570"},"modified":"2024-04-04T21:53:22","modified_gmt":"2024-04-04T21:53:22","slug":"termos-condicoes","status":"publish","type":"page","link":"https:\/\/sdserver15.com.br\/supercart\/termos-condicoes\/","title":{"rendered":"Termos &#038; Condi\u00e7\u00f5es"},"content":{"rendered":"<p>[et_pb_section fb_built=&#8221;1&#8243; _builder_version=&#8221;4.16&#8243; _module_preset=&#8221;default&#8221; background_color=&#8221;#f7f7f7&#8243; background_enable_image=&#8221;off&#8221; locked=&#8221;off&#8221; global_colors_info=&#8221;{}&#8221;][et_pb_row _builder_version=&#8221;4.16&#8243; _module_preset=&#8221;default&#8221; global_colors_info=&#8221;{}&#8221;][et_pb_column type=&#8221;4_4&#8243; _builder_version=&#8221;4.16&#8243; _module_preset=&#8221;default&#8221; global_colors_info=&#8221;{}&#8221;][et_pb_text admin_label=&#8221;Termos &#038; Condi\u00e7\u00f5es&#8221; _builder_version=&#8221;4.24.3&#8243; _module_preset=&#8221;default&#8221; header_font_size=&#8221;60px&#8221; text_orientation=&#8221;center&#8221; hover_enabled=&#8221;0&#8243; header_font_size_tablet=&#8221;40px&#8221; header_font_size_phone=&#8221;30px&#8221; header_font_size_last_edited=&#8221;on|phone&#8221; global_colors_info=&#8221;{}&#8221; sticky_enabled=&#8221;0&#8243;]<\/p>\n<h1>Termos &amp; Condi\u00e7\u00f5es<\/h1>\n<p>[\/et_pb_text][\/et_pb_column][\/et_pb_row][\/et_pb_section][et_pb_section fb_built=&#8221;1&#8243; _builder_version=&#8221;4.16&#8243; _module_preset=&#8221;default&#8221; locked=&#8221;off&#8221; global_colors_info=&#8221;{}&#8221;][et_pb_row _builder_version=&#8221;4.16&#8243; _module_preset=&#8221;default&#8221; global_colors_info=&#8221;{}&#8221;][et_pb_column type=&#8221;4_4&#8243; _builder_version=&#8221;4.16&#8243; _module_preset=&#8221;default&#8221; global_colors_info=&#8221;{}&#8221;][et_pb_text _builder_version=&#8221;4.24.3&#8243; _module_preset=&#8221;default&#8221; hover_enabled=&#8221;0&#8243; global_colors_info=&#8221;{}&#8221; sticky_enabled=&#8221;0&#8243;]<\/p>\n<p>Seu conte\u00fado vai aqui. Edite ou remova este texto inline ou nas configura\u00e7\u00f5es de conte\u00fado do m\u00f3dulo. Voc\u00ea tamb\u00e9m pode estilizar cada aspecto deste conte\u00fado no m\u00f3dulo Configura\u00e7\u00f5es de design e at\u00e9 mesmo aplicar CSS personalizado a este texto no m\u00f3dulo Configura\u00e7\u00f5es avan\u00e7adas. Seu conte\u00fado vai aqui. Edite ou remova este texto inline ou nas configura\u00e7\u00f5es de conte\u00fado do m\u00f3dulo. Voc\u00ea tamb\u00e9m pode estilizar cada aspecto deste conte\u00fado no m\u00f3dulo Configura\u00e7\u00f5es de design e at\u00e9 mesmo aplicar CSS personalizado a este texto no m\u00f3dulo Configura\u00e7\u00f5es avan\u00e7adas.<\/p>\n<p>Seu conte\u00fado vai aqui. Edite ou remova este texto inline ou nas configura\u00e7\u00f5es de conte\u00fado do m\u00f3dulo. Voc\u00ea tamb\u00e9m pode estilizar cada aspecto deste conte\u00fado no m\u00f3dulo Configura\u00e7\u00f5es de design e at\u00e9 mesmo aplicar CSS personalizado a este texto no m\u00f3dulo Configura\u00e7\u00f5es avan\u00e7adas. Seu conte\u00fado vai aqui. Edite ou remova este texto inline ou nas configura\u00e7\u00f5es de conte\u00fado do m\u00f3dulo. Voc\u00ea tamb\u00e9m pode estilizar cada aspecto deste conte\u00fado no m\u00f3dulo Configura\u00e7\u00f5es de design e at\u00e9 mesmo aplicar CSS personalizado a este texto no m\u00f3dulo Configura\u00e7\u00f5es avan\u00e7adas.<\/p>\n<p>Seu conte\u00fado vai aqui. Edite ou remova este texto inline ou nas configura\u00e7\u00f5es de conte\u00fado do m\u00f3dulo. Voc\u00ea tamb\u00e9m pode estilizar cada aspecto deste conte\u00fado no m\u00f3dulo Configura\u00e7\u00f5es de design e at\u00e9 mesmo aplicar CSS personalizado a este texto no m\u00f3dulo Configura\u00e7\u00f5es avan\u00e7adas. Seu conte\u00fado vai aqui. Edite ou remova este texto inline ou nas configura\u00e7\u00f5es de conte\u00fado do m\u00f3dulo. Voc\u00ea tamb\u00e9m pode estilizar cada aspecto deste conte\u00fado no m\u00f3dulo Configura\u00e7\u00f5es de design e at\u00e9 mesmo aplicar CSS personalizado a este texto no m\u00f3dulo Configura\u00e7\u00f5es avan\u00e7adas.<\/p>\n<p>Seu conte\u00fado vai aqui. Edite ou remova este texto inline ou nas configura\u00e7\u00f5es de conte\u00fado do m\u00f3dulo. Voc\u00ea tamb\u00e9m pode estilizar cada aspecto deste conte\u00fado no m\u00f3dulo Configura\u00e7\u00f5es de design e at\u00e9 mesmo aplicar CSS personalizado a este texto no m\u00f3dulo Configura\u00e7\u00f5es avan\u00e7adas. Seu conte\u00fado vai aqui. Edite ou remova este texto inline ou nas configura\u00e7\u00f5es de conte\u00fado do m\u00f3dulo. Voc\u00ea tamb\u00e9m pode estilizar cada aspecto deste conte\u00fado no m\u00f3dulo Configura\u00e7\u00f5es de design e at\u00e9 mesmo aplicar CSS personalizado a este texto no m\u00f3dulo Configura\u00e7\u00f5es avan\u00e7adas.<\/p>\n<p>[\/et_pb_text][\/et_pb_column][\/et_pb_row][\/et_pb_section]<\/p>\n","protected":false},"excerpt":{"rendered":"<p>Termos &amp; Condi\u00e7\u00f5esSeu conte\u00fado vai aqui. Edite ou remova este texto inline ou nas configura\u00e7\u00f5es de conte\u00fado do m\u00f3dulo. Voc\u00ea tamb\u00e9m pode estilizar cada aspecto deste conte\u00fado no m\u00f3dulo Configura\u00e7\u00f5es de design e at\u00e9 mesmo aplicar CSS personalizado a este texto no m\u00f3dulo Configura\u00e7\u00f5es avan\u00e7adas. Seu conte\u00fado vai aqui. Edite ou remova este texto inline [&hellip;]<\/p>\n","protected":false},"author":1,"featured_media":0,"parent":0,"menu_order":0,"comment_status":"closed","ping_status":"closed","template":"","meta":{"_et_pb_use_builder":"on","_et_pb_old_content":"","_et_gb_content_width":"","footnotes":""},"class_list":["post-90657","page","type-page","status-publish","hentry"],"_links":{"self":[{"href":"https:\/\/sdserver15.com.br\/supercart\/wp-json\/wp\/v2\/pages\/90657","targetHints":{"allow":["GET"]}}],"collection":[{"href":"https:\/\/sdserver15.com.br\/supercart\/wp-json\/wp\/v2\/pages"}],"about":[{"href":"https:\/\/sdserver15.com.br\/supercart\/wp-json\/wp\/v2\/types\/page"}],"author":[{"embeddable":true,"href":"https:\/\/sdserver15.com.br\/supercart\/wp-json\/wp\/v2\/users\/1"}],"replies":[{"embeddable":true,"href":"https:\/\/sdserver15.com.br\/supercart\/wp-json\/wp\/v2\/comments?post=90657"}],"version-history":[{"count":3,"href":"https:\/\/sdserver15.com.br\/supercart\/wp-json\/wp\/v2\/pages\/90657\/revisions"}],"predecessor-version":[{"id":100471,"href":"https:\/\/sdserver15.com.br\/supercart\/wp-json\/wp\/v2\/pages\/90657\/revisions\/100471"}],"wp:attachment":[{"href":"https:\/\/sdserver15.com.br\/supercart\/wp-json\/wp\/v2\/media?parent=90657"}],"curies":[{"name":"wp","href":"https:\/\/api.w.org\/{rel}","templated":true}]}}