{"id":93421,"date":"2021-09-02T06:01:24","date_gmt":"2021-09-02T06:01:24","guid":{"rendered":"https:\/\/themes.diviextended.com\/divi-cart-pro\/?post_type=product&#038;p=23724"},"modified":"2024-04-03T18:47:07","modified_gmt":"2024-04-03T18:47:07","slug":"macbook","status":"publish","type":"product","link":"https:\/\/sdserver15.com.br\/supercart\/product\/macbook\/","title":{"rendered":"Laptop cinza de 13 polegadas"},"content":{"rendered":"<p>Seu conte\u00fado vai aqui. Edite ou remova este texto no painel de controle. Voc\u00ea tamb\u00e9m pode estilizar cada aspecto deste conte\u00fado no m\u00f3dulo Configura\u00e7\u00f5es de design e at\u00e9 mesmo aplicar CSS personalizado a este texto no m\u00f3dulo Configura\u00e7\u00f5es avan\u00e7adas.<\/p>\n","protected":false},"excerpt":{"rendered":"<p>Seu conte\u00fado vai aqui. Edite ou remova este texto no painel de controle. Voc\u00ea tamb\u00e9m pode estilizar cada aspecto deste conte\u00fado no m\u00f3dulo Configura\u00e7\u00f5es de design e at\u00e9 mesmo aplicar CSS personalizado a este texto no m\u00f3dulo Configura\u00e7\u00f5es avan\u00e7adas.<\/p>\n","protected":false},"featured_media":187,"comment_status":"open","ping_status":"closed","template":"","meta":{"_et_pb_use_builder":"","_et_pb_old_content":"","_et_gb_content_width":""},"product_cat":[51,59],"product_tag":[],"class_list":{"0":"post-93421","1":"product","2":"type-product","3":"status-publish","4":"has-post-thumbnail","6":"product_cat-eletronicos","7":"product_cat-laptops-computadores","9":"first","10":"instock","11":"sale","12":"shipping-taxable","13":"purchasable","14":"product-type-simple"},"_links":{"self":[{"href":"https:\/\/sdserver15.com.br\/supercart\/wp-json\/wp\/v2\/product\/93421","targetHints":{"allow":["GET"]}}],"collection":[{"href":"https:\/\/sdserver15.com.br\/supercart\/wp-json\/wp\/v2\/product"}],"about":[{"href":"https:\/\/sdserver15.com.br\/supercart\/wp-json\/wp\/v2\/types\/product"}],"replies":[{"embeddable":true,"href":"https:\/\/sdserver15.com.br\/supercart\/wp-json\/wp\/v2\/comments?post=93421"}],"wp:featuredmedia":[{"embeddable":true,"href":"https:\/\/sdserver15.com.br\/supercart\/wp-json\/wp\/v2\/media\/187"}],"wp:attachment":[{"href":"https:\/\/sdserver15.com.br\/supercart\/wp-json\/wp\/v2\/media?parent=93421"}],"wp:term":[{"taxonomy":"product_cat","embeddable":true,"href":"https:\/\/sdserver15.com.br\/supercart\/wp-json\/wp\/v2\/product_cat?post=93421"},{"taxonomy":"product_tag","embeddable":true,"href":"https:\/\/sdserver15.com.br\/supercart\/wp-json\/wp\/v2\/product_tag?post=93421"}],"curies":[{"name":"wp","href":"https:\/\/api.w.org\/{rel}","templated":true}]}}