{"id":95597,"date":"2021-09-02T05:49:48","date_gmt":"2021-09-02T05:49:48","guid":{"rendered":"https:\/\/themes.diviextended.com\/divi-cart-pro\/?post_type=product&#038;p=23718"},"modified":"2024-04-03T18:50:18","modified_gmt":"2024-04-03T18:50:18","slug":"programmable-drone-with-camera","status":"publish","type":"product","link":"https:\/\/sdserver15.com.br\/supercart\/product\/programmable-drone-with-camera\/","title":{"rendered":"Drone Program\u00e1vel com C\u00e2mera"},"content":{"rendered":"<p>Seu conte\u00fado vai aqui. Edite ou remova este texto no painel de controle. Voc\u00ea tamb\u00e9m pode estilizar cada aspecto deste conte\u00fado no m\u00f3dulo Configura\u00e7\u00f5es de design e at\u00e9 mesmo aplicar CSS personalizado a este texto no m\u00f3dulo Configura\u00e7\u00f5es avan\u00e7adas.<\/p>\n","protected":false},"excerpt":{"rendered":"<p>Seu conte\u00fado vai aqui. Edite ou remova este texto no painel de controle. Voc\u00ea tamb\u00e9m pode estilizar cada aspecto deste conte\u00fado no m\u00f3dulo Configura\u00e7\u00f5es de design e at\u00e9 mesmo aplicar CSS personalizado a este texto no m\u00f3dulo Configura\u00e7\u00f5es avan\u00e7adas.<\/p>\n","protected":false},"featured_media":190,"comment_status":"open","ping_status":"closed","template":"","meta":{"_et_pb_use_builder":"","_et_pb_old_content":"","_et_gb_content_width":""},"product_cat":[50,51],"product_tag":[],"class_list":{"0":"post-95597","1":"product","2":"type-product","3":"status-publish","4":"has-post-thumbnail","6":"product_cat-drones","7":"product_cat-eletronicos","9":"first","10":"instock","11":"sale","12":"shipping-taxable","13":"purchasable","14":"product-type-simple"},"_links":{"self":[{"href":"https:\/\/sdserver15.com.br\/supercart\/wp-json\/wp\/v2\/product\/95597","targetHints":{"allow":["GET"]}}],"collection":[{"href":"https:\/\/sdserver15.com.br\/supercart\/wp-json\/wp\/v2\/product"}],"about":[{"href":"https:\/\/sdserver15.com.br\/supercart\/wp-json\/wp\/v2\/types\/product"}],"replies":[{"embeddable":true,"href":"https:\/\/sdserver15.com.br\/supercart\/wp-json\/wp\/v2\/comments?post=95597"}],"wp:featuredmedia":[{"embeddable":true,"href":"https:\/\/sdserver15.com.br\/supercart\/wp-json\/wp\/v2\/media\/190"}],"wp:attachment":[{"href":"https:\/\/sdserver15.com.br\/supercart\/wp-json\/wp\/v2\/media?parent=95597"}],"wp:term":[{"taxonomy":"product_cat","embeddable":true,"href":"https:\/\/sdserver15.com.br\/supercart\/wp-json\/wp\/v2\/product_cat?post=95597"},{"taxonomy":"product_tag","embeddable":true,"href":"https:\/\/sdserver15.com.br\/supercart\/wp-json\/wp\/v2\/product_tag?post=95597"}],"curies":[{"name":"wp","href":"https:\/\/api.w.org\/{rel}","templated":true}]}}