{"id":98982,"date":"2022-05-20T09:38:46","date_gmt":"2022-05-20T09:38:46","guid":{"rendered":"https:\/\/themes.diviextended.com\/divi-cart-pro\/?post_type=product&#038;p=34486"},"modified":"2024-04-03T18:16:37","modified_gmt":"2024-04-03T18:16:37","slug":"theme-01","status":"publish","type":"product","link":"https:\/\/sdserver15.com.br\/supercart\/product\/theme-01\/","title":{"rendered":"Tema 01"},"content":{"rendered":"<p>Seu conte\u00fado vai aqui. Edite ou remova este texto no painel de controle. Voc\u00ea tamb\u00e9m pode estilizar cada aspecto deste conte\u00fado no m\u00f3dulo Configura\u00e7\u00f5es de design e at\u00e9 mesmo aplicar CSS personalizado a este texto no m\u00f3dulo Configura\u00e7\u00f5es avan\u00e7adas.<\/p>\n","protected":false},"excerpt":{"rendered":"<p>Seu conte\u00fado vai aqui. Edite ou remova este texto no painel de controle. Voc\u00ea tamb\u00e9m pode estilizar cada aspecto deste conte\u00fado no m\u00f3dulo Configura\u00e7\u00f5es de design e at\u00e9 mesmo aplicar CSS personalizado a este texto no m\u00f3dulo Configura\u00e7\u00f5es avan\u00e7adas.<\/p>\n","protected":false},"featured_media":54,"comment_status":"open","ping_status":"closed","template":"","meta":{"_et_pb_use_builder":"","_et_pb_old_content":"","_et_gb_content_width":""},"product_cat":[49],"product_tag":[],"class_list":{"0":"post-98982","1":"product","2":"type-product","3":"status-publish","4":"has-post-thumbnail","6":"product_cat-temas","8":"first","9":"instock","10":"sale","11":"shipping-taxable","12":"purchasable","13":"product-type-simple"},"_links":{"self":[{"href":"https:\/\/sdserver15.com.br\/supercart\/wp-json\/wp\/v2\/product\/98982","targetHints":{"allow":["GET"]}}],"collection":[{"href":"https:\/\/sdserver15.com.br\/supercart\/wp-json\/wp\/v2\/product"}],"about":[{"href":"https:\/\/sdserver15.com.br\/supercart\/wp-json\/wp\/v2\/types\/product"}],"replies":[{"embeddable":true,"href":"https:\/\/sdserver15.com.br\/supercart\/wp-json\/wp\/v2\/comments?post=98982"}],"wp:featuredmedia":[{"embeddable":true,"href":"https:\/\/sdserver15.com.br\/supercart\/wp-json\/wp\/v2\/media\/54"}],"wp:attachment":[{"href":"https:\/\/sdserver15.com.br\/supercart\/wp-json\/wp\/v2\/media?parent=98982"}],"wp:term":[{"taxonomy":"product_cat","embeddable":true,"href":"https:\/\/sdserver15.com.br\/supercart\/wp-json\/wp\/v2\/product_cat?post=98982"},{"taxonomy":"product_tag","embeddable":true,"href":"https:\/\/sdserver15.com.br\/supercart\/wp-json\/wp\/v2\/product_tag?post=98982"}],"curies":[{"name":"wp","href":"https:\/\/api.w.org\/{rel}","templated":true}]}}